{"id":707,"date":"2022-04-28T19:30:53","date_gmt":"2022-04-28T19:30:53","guid":{"rendered":"http:\/\/consultagto.iplaneg.net\/?page_id=707"},"modified":"2026-01-20T21:26:29","modified_gmt":"2026-01-20T21:26:29","slug":"catalogo-de-mapas-2","status":"publish","type":"page","link":"https:\/\/iplaneg.guanajuato.gob.mx\/seieg\/catalogo-de-mapas-2\/","title":{"rendered":"cat\u00e1logo de mapas"},"content":{"rendered":"\t\t<div data-elementor-type=\"wp-page\" data-elementor-id=\"707\" class=\"elementor elementor-707\">\n\t\t\t\t\t\t<section class=\"elementor-section elementor-top-section elementor-element elementor-element-26d53b88 elementor-section-height-min-height elementor-section-items-stretch elementor-section-stretched elementor-section-boxed elementor-section-height-default exad-glass-effect-no exad-sticky-section-no\" data-id=\"26d53b88\" data-element_type=\"section\" data-e-type=\"section\" data-settings=\"{&quot;background_background&quot;:&quot;classic&quot;,&quot;stretch_section&quot;:&quot;section-stretched&quot;}\">\n\t\t\t\t\t\t\t<div class=\"elementor-background-overlay\"><\/div>\n\t\t\t\t\t\t\t<div class=\"elementor-container elementor-column-gap-no\">\n\t\t\t\t\t<div class=\"elementor-column elementor-col-100 elementor-top-column elementor-element elementor-element-58e9b32a exad-glass-effect-no exad-sticky-section-no\" data-id=\"58e9b32a\" data-element_type=\"column\" data-e-type=\"column\">\n\t\t\t<div class=\"elementor-widget-wrap elementor-element-populated\">\n\t\t\t\t\t\t<div class=\"elementor-element elementor-element-47794d33 exad-sticky-section-no exad-glass-effect-no elementor-widget elementor-widget-heading\" data-id=\"47794d33\" data-element_type=\"widget\" data-e-type=\"widget\" data-widget_type=\"heading.default\">\n\t\t\t\t<div class=\"elementor-widget-container\">\n\t\t\t\t\t<h1 class=\"elementor-heading-title elementor-size-default\">Cat\u00e1logo de Mapas<\/h1>\t\t\t\t<\/div>\n\t\t\t\t<\/div>\n\t\t\t\t<section class=\"elementor-section elementor-inner-section elementor-element elementor-element-2a63c443 animated-slow elementor-section-boxed elementor-section-height-default elementor-section-height-default exad-glass-effect-no exad-sticky-section-no elementor-invisible\" data-id=\"2a63c443\" data-element_type=\"section\" data-e-type=\"section\" id=\"welcome\" data-settings=\"{&quot;animation&quot;:&quot;fadeIn&quot;,&quot;animation_delay&quot;:300}\">\n\t\t\t\t\t\t<div class=\"elementor-container elementor-column-gap-default\">\n\t\t\t\t\t<div class=\"elementor-column elementor-col-100 elementor-inner-column elementor-element elementor-element-315d8751 exad-glass-effect-no exad-sticky-section-no\" data-id=\"315d8751\" data-element_type=\"column\" data-e-type=\"column\" data-settings=\"{&quot;background_background&quot;:&quot;classic&quot;}\">\n\t\t\t<div class=\"elementor-widget-wrap\">\n\t\t\t\t\t\t\t<\/div>\n\t\t<\/div>\n\t\t\t\t\t<\/div>\n\t\t<\/section>\n\t\t\t\t<div class=\"elementor-element elementor-element-1c0f7c5b envato-kit-97-down-arrow animated-slow elementor-view-default exad-sticky-section-no exad-glass-effect-no elementor-invisible elementor-widget elementor-widget-icon\" data-id=\"1c0f7c5b\" data-element_type=\"widget\" data-e-type=\"widget\" data-settings=\"{&quot;_animation&quot;:&quot;fadeInDown&quot;,&quot;_animation_delay&quot;:1200}\" data-widget_type=\"icon.default\">\n\t\t\t\t<div class=\"elementor-widget-container\">\n\t\t\t\t\t\t\t<div class=\"elementor-icon-wrapper\">\n\t\t\t<a class=\"elementor-icon\" href=\"#welcome\">\n\t\t\t\t\t\t\t<i class=\"fa fa-arrow-down\" aria-hidden=\"true\"><\/i>\n\t\t\t\t\t\t<\/a>\n\t\t<\/div>\n\t\t\t\t\t\t<\/div>\n\t\t\t\t<\/div>\n\t\t\t\t\t<\/div>\n\t\t<\/div>\n\t\t\t\t\t<\/div>\n\t\t<\/section>\n\t\t\t\t<section class=\"elementor-section elementor-top-section elementor-element elementor-element-46ef4c6e elementor-section-full_width elementor-section-height-min-height elementor-section-items-stretch animated-slow elementor-section-height-default exad-glass-effect-no exad-sticky-section-no elementor-invisible\" data-id=\"46ef4c6e\" data-element_type=\"section\" data-e-type=\"section\" data-settings=\"{&quot;background_background&quot;:&quot;classic&quot;,&quot;animation&quot;:&quot;fadeIn&quot;,&quot;animation_delay&quot;:300}\">\n\t\t\t\t\t\t<div class=\"elementor-container elementor-column-gap-default\">\n\t\t\t\t\t<div class=\"elementor-column elementor-col-100 elementor-top-column elementor-element elementor-element-629e3904 exad-glass-effect-no exad-sticky-section-no\" data-id=\"629e3904\" data-element_type=\"column\" data-e-type=\"column\" data-settings=\"{&quot;background_background&quot;:&quot;classic&quot;}\">\n\t\t\t<div class=\"elementor-widget-wrap elementor-element-populated\">\n\t\t\t\t\t\t<div class=\"elementor-element elementor-element-b91340f exad-sticky-section-no exad-glass-effect-no elementor-widget elementor-widget-text-editor\" data-id=\"b91340f\" data-element_type=\"widget\" data-e-type=\"widget\" data-widget_type=\"text-editor.default\">\n\t\t\t\t<div class=\"elementor-widget-container\">\n\t\t\t\t\t\t\t\t\t<p>Los mapas aqu\u00ed presentados funcionan bajo el concepto de un Sistema de Informaci\u00f3n Geogr\u00e1fica (S.I.G.), el cual tiene como principal utilidad la identificaci\u00f3n, visualizaci\u00f3n y an\u00e1lisis geo-estad\u00edsticos.<\/p>\t\t\t\t\t\t\t\t<\/div>\n\t\t\t\t<\/div>\n\t\t\t\t\t<\/div>\n\t\t<\/div>\n\t\t\t\t\t<\/div>\n\t\t<\/section>\n\t\t\t\t<section class=\"elementor-section elementor-top-section elementor-element elementor-element-5776ae9d elementor-section-boxed elementor-section-height-default elementor-section-height-default exad-glass-effect-no exad-sticky-section-no\" data-id=\"5776ae9d\" data-element_type=\"section\" data-e-type=\"section\" data-settings=\"{&quot;background_background&quot;:&quot;classic&quot;}\">\n\t\t\t\t\t\t<div class=\"elementor-container elementor-column-gap-wider\">\n\t\t\t\t\t<div class=\"elementor-column elementor-col-50 elementor-top-column elementor-element elementor-element-1a141c0e exad-glass-effect-no exad-sticky-section-no\" data-id=\"1a141c0e\" data-element_type=\"column\" data-e-type=\"column\">\n\t\t\t<div class=\"elementor-widget-wrap elementor-element-populated\">\n\t\t\t\t\t\t<div class=\"elementor-element elementor-element-21b7921f animated-slow elementor-position-top exad-sticky-section-no exad-glass-effect-no elementor-invisible elementor-widget elementor-widget-image-box\" data-id=\"21b7921f\" data-element_type=\"widget\" data-e-type=\"widget\" data-settings=\"{&quot;_animation&quot;:&quot;zoomIn&quot;,&quot;_animation_delay&quot;:300}\" data-widget_type=\"image-box.default\">\n\t\t\t\t<div class=\"elementor-widget-container\">\n\t\t\t\t\t<div class=\"elementor-image-box-wrapper\"><figure class=\"elementor-image-box-img\"><a href=\"https:\/\/gowd.guanajuato.gob.mx\/\" target=\"_blank\" tabindex=\"-1\"><img fetchpriority=\"high\" decoding=\"async\" width=\"257\" height=\"300\" src=\"https:\/\/iplaneg.guanajuato.gob.mx\/seieg\/wp-content\/uploads\/2022\/05\/SEIEG-Catalogo-Mapas-02-257x300.jpg\" class=\"elementor-animation-push attachment-medium size-medium wp-image-1516\" alt=\"\" srcset=\"https:\/\/iplaneg.guanajuato.gob.mx\/seieg\/wp-content\/uploads\/2022\/05\/SEIEG-Catalogo-Mapas-02-257x300.jpg 257w, https:\/\/iplaneg.guanajuato.gob.mx\/seieg\/wp-content\/uploads\/2022\/05\/SEIEG-Catalogo-Mapas-02.jpg 601w\" sizes=\"(max-width: 257px) 100vw, 257px\" \/><\/a><\/figure><\/div>\t\t\t\t<\/div>\n\t\t\t\t<\/div>\n\t\t\t\t\t<\/div>\n\t\t<\/div>\n\t\t\t\t<div class=\"elementor-column elementor-col-50 elementor-top-column elementor-element elementor-element-45e1301a exad-glass-effect-no exad-sticky-section-no\" data-id=\"45e1301a\" data-element_type=\"column\" data-e-type=\"column\">\n\t\t\t<div class=\"elementor-widget-wrap elementor-element-populated\">\n\t\t\t\t\t\t<div class=\"elementor-element elementor-element-8ef3a15 animated-slow elementor-position-top exad-sticky-section-no exad-glass-effect-no elementor-invisible elementor-widget elementor-widget-image-box\" data-id=\"8ef3a15\" data-element_type=\"widget\" data-e-type=\"widget\" data-settings=\"{&quot;_animation&quot;:&quot;zoomIn&quot;,&quot;_animation_delay&quot;:300}\" data-widget_type=\"image-box.default\">\n\t\t\t\t<div class=\"elementor-widget-container\">\n\t\t\t\t\t<div class=\"elementor-image-box-wrapper\"><figure class=\"elementor-image-box-img\"><a href=\"http:\/\/geoinfo.iplaneg.net\/maps\/82\/view\" target=\"_blank\" tabindex=\"-1\"><img decoding=\"async\" width=\"257\" height=\"300\" src=\"https:\/\/iplaneg.guanajuato.gob.mx\/seieg\/wp-content\/uploads\/2022\/05\/SEIEG-Catalogo-Mapas-04-257x300.jpg\" class=\"elementor-animation-push attachment-medium size-medium wp-image-1514\" alt=\"\" srcset=\"https:\/\/iplaneg.guanajuato.gob.mx\/seieg\/wp-content\/uploads\/2022\/05\/SEIEG-Catalogo-Mapas-04-257x300.jpg 257w, https:\/\/iplaneg.guanajuato.gob.mx\/seieg\/wp-content\/uploads\/2022\/05\/SEIEG-Catalogo-Mapas-04.jpg 601w\" sizes=\"(max-width: 257px) 100vw, 257px\" \/><\/a><\/figure><\/div>\t\t\t\t<\/div>\n\t\t\t\t<\/div>\n\t\t\t\t\t<\/div>\n\t\t<\/div>\n\t\t\t\t\t<\/div>\n\t\t<\/section>\n\t\t\t\t<\/div>\n\t\t","protected":false},"excerpt":{"rendered":"<p>Cat\u00e1logo de Mapas Los mapas aqu\u00ed presentados funcionan bajo el concepto de un Sistema de Informaci\u00f3n Geogr\u00e1fica (S.I.G.), el cual tiene como principal utilidad la identificaci\u00f3n, visualizaci\u00f3n y an\u00e1lisis geo-estad\u00edsticos.<\/p>\n","protected":false},"author":1,"featured_media":0,"parent":0,"menu_order":0,"comment_status":"closed","ping_status":"closed","template":"elementor_header_footer","meta":{"footnotes":""},"class_list":["post-707","page","type-page","status-publish","hentry"],"_links":{"self":[{"href":"https:\/\/iplaneg.guanajuato.gob.mx\/seieg\/wp-json\/wp\/v2\/pages\/707","targetHints":{"allow":["GET"]}}],"collection":[{"href":"https:\/\/iplaneg.guanajuato.gob.mx\/seieg\/wp-json\/wp\/v2\/pages"}],"about":[{"href":"https:\/\/iplaneg.guanajuato.gob.mx\/seieg\/wp-json\/wp\/v2\/types\/page"}],"author":[{"embeddable":true,"href":"https:\/\/iplaneg.guanajuato.gob.mx\/seieg\/wp-json\/wp\/v2\/users\/1"}],"replies":[{"embeddable":true,"href":"https:\/\/iplaneg.guanajuato.gob.mx\/seieg\/wp-json\/wp\/v2\/comments?post=707"}],"version-history":[{"count":100,"href":"https:\/\/iplaneg.guanajuato.gob.mx\/seieg\/wp-json\/wp\/v2\/pages\/707\/revisions"}],"predecessor-version":[{"id":3951,"href":"https:\/\/iplaneg.guanajuato.gob.mx\/seieg\/wp-json\/wp\/v2\/pages\/707\/revisions\/3951"}],"wp:attachment":[{"href":"https:\/\/iplaneg.guanajuato.gob.mx\/seieg\/wp-json\/wp\/v2\/media?parent=707"}],"curies":[{"name":"wp","href":"https:\/\/api.w.org\/{rel}","templated":true}]}}