{"id":1314,"date":"2022-05-19T15:53:44","date_gmt":"2022-05-19T15:53:44","guid":{"rendered":"http:\/\/consultagto.iplaneg.net\/?page_id=1314"},"modified":"2022-06-09T19:43:48","modified_gmt":"2022-06-09T19:43:48","slug":"metropolitanos","status":"publish","type":"page","link":"https:\/\/iplaneg.guanajuato.gob.mx\/seieg\/metropolitanos\/","title":{"rendered":"Metropolitanos"},"content":{"rendered":"\t\t<div data-elementor-type=\"wp-page\" data-elementor-id=\"1314\" class=\"elementor elementor-1314\">\n\t\t\t\t\t\t<section class=\"elementor-section elementor-top-section elementor-element elementor-element-1711447e elementor-section-height-min-height elementor-section-items-stretch elementor-section-stretched elementor-section-boxed elementor-section-height-default exad-glass-effect-no exad-sticky-section-no\" data-id=\"1711447e\" data-element_type=\"section\" data-e-type=\"section\" data-settings=\"{&quot;background_background&quot;:&quot;classic&quot;,&quot;stretch_section&quot;:&quot;section-stretched&quot;}\">\n\t\t\t\t\t\t\t<div class=\"elementor-background-overlay\"><\/div>\n\t\t\t\t\t\t\t<div class=\"elementor-container elementor-column-gap-no\">\n\t\t\t\t\t<div class=\"elementor-column elementor-col-100 elementor-top-column elementor-element elementor-element-6ed6db05 exad-glass-effect-no exad-sticky-section-no\" data-id=\"6ed6db05\" data-element_type=\"column\" data-e-type=\"column\">\n\t\t\t<div class=\"elementor-widget-wrap elementor-element-populated\">\n\t\t\t\t\t\t<div class=\"elementor-element elementor-element-44f8914b exad-sticky-section-no exad-glass-effect-no elementor-widget elementor-widget-heading\" data-id=\"44f8914b\" data-element_type=\"widget\" data-e-type=\"widget\" data-widget_type=\"heading.default\">\n\t\t\t\t<div class=\"elementor-widget-container\">\n\t\t\t\t\t<h1 class=\"elementor-heading-title elementor-size-default\">Metropolitanos<\/h1>\t\t\t\t<\/div>\n\t\t\t\t<\/div>\n\t\t\t\t<section class=\"elementor-section elementor-inner-section elementor-element elementor-element-4d64f253 animated-slow elementor-section-boxed elementor-section-height-default elementor-section-height-default exad-glass-effect-no exad-sticky-section-no elementor-invisible\" data-id=\"4d64f253\" data-element_type=\"section\" data-e-type=\"section\" id=\"welcome\" data-settings=\"{&quot;animation&quot;:&quot;fadeIn&quot;,&quot;animation_delay&quot;:300}\">\n\t\t\t\t\t\t<div class=\"elementor-container elementor-column-gap-default\">\n\t\t\t\t\t<div class=\"elementor-column elementor-col-100 elementor-inner-column elementor-element elementor-element-3b0cf09f exad-glass-effect-no exad-sticky-section-no\" data-id=\"3b0cf09f\" data-element_type=\"column\" data-e-type=\"column\" data-settings=\"{&quot;background_background&quot;:&quot;classic&quot;}\">\n\t\t\t<div class=\"elementor-widget-wrap\">\n\t\t\t\t\t\t\t<\/div>\n\t\t<\/div>\n\t\t\t\t\t<\/div>\n\t\t<\/section>\n\t\t\t\t<div class=\"elementor-element elementor-element-3ee0becf envato-kit-97-down-arrow animated-slow elementor-view-default exad-sticky-section-no exad-glass-effect-no elementor-invisible elementor-widget elementor-widget-icon\" data-id=\"3ee0becf\" data-element_type=\"widget\" data-e-type=\"widget\" data-settings=\"{&quot;_animation&quot;:&quot;fadeInDown&quot;,&quot;_animation_delay&quot;:1200}\" data-widget_type=\"icon.default\">\n\t\t\t\t<div class=\"elementor-widget-container\">\n\t\t\t\t\t\t\t<div class=\"elementor-icon-wrapper\">\n\t\t\t<a class=\"elementor-icon\" href=\"#welcome\">\n\t\t\t\t\t\t\t<i class=\"fa fa-arrow-down\" aria-hidden=\"true\"><\/i>\n\t\t\t\t\t\t<\/a>\n\t\t<\/div>\n\t\t\t\t\t\t<\/div>\n\t\t\t\t<\/div>\n\t\t\t\t\t<\/div>\n\t\t<\/div>\n\t\t\t\t\t<\/div>\n\t\t<\/section>\n\t\t\t\t<section class=\"elementor-section elementor-top-section elementor-element elementor-element-2bb58f25 elementor-section-boxed elementor-section-height-default elementor-section-height-default exad-glass-effect-no exad-sticky-section-no\" data-id=\"2bb58f25\" data-element_type=\"section\" data-e-type=\"section\" data-settings=\"{&quot;background_background&quot;:&quot;classic&quot;}\">\n\t\t\t\t\t\t<div class=\"elementor-container elementor-column-gap-wider\">\n\t\t\t\t\t<div class=\"elementor-column elementor-col-100 elementor-top-column elementor-element elementor-element-a48e285 exad-glass-effect-no exad-sticky-section-no\" data-id=\"a48e285\" data-element_type=\"column\" data-e-type=\"column\">\n\t\t\t<div class=\"elementor-widget-wrap elementor-element-populated\">\n\t\t\t\t\t\t<div class=\"elementor-element elementor-element-094dc34 exad-sticky-section-no exad-glass-effect-no elementor-widget elementor-widget-text-editor\" data-id=\"094dc34\" data-element_type=\"widget\" data-e-type=\"widget\" data-widget_type=\"text-editor.default\">\n\t\t\t\t<div class=\"elementor-widget-container\">\n\t\t\t\t\t\t\t\t\t<p>Los programas metropolitanos deber\u00e1n contener un diagn\u00f3stico integral de la zona conurbada o zona metropolitana de que se trate, una visi\u00f3n prospectiva de largo plazo, la definici\u00f3n de los objetivos, metas, criterios, pol\u00edticas y estrategias; as\u00ed como los proyectos estrat\u00e9gicos y acciones prioritarias.<\/p>\t\t\t\t\t\t\t\t<\/div>\n\t\t\t\t<\/div>\n\t\t\t\t\t<\/div>\n\t\t<\/div>\n\t\t\t\t\t<\/div>\n\t\t<\/section>\n\t\t\t\t<section class=\"elementor-section elementor-top-section elementor-element elementor-element-d20c7be elementor-section-boxed elementor-section-height-default elementor-section-height-default exad-glass-effect-no exad-sticky-section-no\" data-id=\"d20c7be\" data-element_type=\"section\" data-e-type=\"section\" data-settings=\"{&quot;background_background&quot;:&quot;classic&quot;}\">\n\t\t\t\t\t\t<div class=\"elementor-container elementor-column-gap-wider\">\n\t\t\t\t\t<div class=\"elementor-column elementor-col-100 elementor-top-column elementor-element elementor-element-b0c6a66 exad-glass-effect-no exad-sticky-section-no\" data-id=\"b0c6a66\" data-element_type=\"column\" data-e-type=\"column\">\n\t\t\t<div class=\"elementor-widget-wrap elementor-element-populated\">\n\t\t\t\t\t\t<div class=\"elementor-element elementor-element-6767940 exad-sticky-section-no exad-glass-effect-no elementor-widget elementor-widget-shortcode\" data-id=\"6767940\" data-element_type=\"widget\" data-e-type=\"widget\" data-widget_type=\"shortcode.default\">\n\t\t\t\t<div class=\"elementor-widget-container\">\n\t\t\t\t\t\t\t<div class=\"elementor-shortcode\">\n<table id=\"tablepress-9\" class=\"tablepress tablepress-id-9\">\n<thead>\n<tr class=\"row-1 odd\">\n\t<th class=\"column-1\"><b>Documento<\/b><\/th><th class=\"column-2\"><b\/><\/th><th class=\"column-3\"><b>A\u00f1o<\/b><\/th><th class=\"column-4\"><b>Documento<\/b><\/th><th class=\"column-5\"><b>Carta S\u00edntesis<\/b><\/th><th class=\"column-6\"><b>Capa SIG<\/b><\/th><th class=\"column-7\"><b>Ver Mapa<\/b><\/th>\n<\/tr>\n<\/thead>\n<tbody class=\"row-hover\">\n<tr class=\"row-2 even\">\n\t<td class=\"column-1\">Programa de Ordenamiento Territorial de la Zona Metropolitana La Piedad-P\u00e9njamo.<\/td><td class=\"column-2\"><b\/><\/td><td class=\"column-3\">2025<\/td><td class=\"column-4\"><a href=\"\/seieg\/wp-content\/uploads\/2026\/01\/Doc_POTZM_Piedad-Penjamo.zip\" target=\"_blank\" rel=\"noopener\"><img decoding=\"async\" src=\"\/seieg\/wp-content\/uploads\/2020\/10\/img_pdf.png\"\/><\/a><\/td><td class=\"column-5\"><a href=\"\/seieg\/wp-content\/uploads\/2026\/01\/Carta-sintesis-POTZM-Piedad-Penjamo-scaled.jpg\" target=\"_blank\" rel=\"noopener\"><img decoding=\"async\" src=\"\/seieg\/wp-content\/uploads\/2022\/05\/imgjpg.png\"\/><\/a><\/td><td class=\"column-6\"><a href=\"\/seieg\/wp-content\/uploads\/2026\/01\/Modelo-POTZM-Piedad-Penjamo.zip\" target=\"_blank\" rel=\"noopener\"><img decoding=\"async\" src=\"\/seieg\/wp-content\/uploads\/2022\/05\/imgzip.png\"\/><\/a><\/td><td class=\"column-7\"><\/td>\n<\/tr>\n<\/tbody>\n<\/table>\n<!-- #tablepress-9 from cache --><\/div>\n\t\t\t\t\t\t<\/div>\n\t\t\t\t<\/div>\n\t\t\t\t\t<\/div>\n\t\t<\/div>\n\t\t\t\t\t<\/div>\n\t\t<\/section>\n\t\t\t\t<\/div>\n\t\t","protected":false},"excerpt":{"rendered":"<p>Metropolitanos Los programas metropolitanos deber\u00e1n contener un diagn\u00f3stico integral de la zona conurbada o zona metropolitana de que se trate, una visi\u00f3n prospectiva de largo plazo, la definici\u00f3n de los objetivos, metas, criterios, pol\u00edticas y estrategias; as\u00ed como los proyectos estrat\u00e9gicos y acciones prioritarias.<\/p>\n","protected":false},"author":1,"featured_media":0,"parent":0,"menu_order":0,"comment_status":"closed","ping_status":"closed","template":"elementor_header_footer","meta":{"footnotes":""},"class_list":["post-1314","page","type-page","status-publish","hentry"],"_links":{"self":[{"href":"https:\/\/iplaneg.guanajuato.gob.mx\/seieg\/wp-json\/wp\/v2\/pages\/1314","targetHints":{"allow":["GET"]}}],"collection":[{"href":"https:\/\/iplaneg.guanajuato.gob.mx\/seieg\/wp-json\/wp\/v2\/pages"}],"about":[{"href":"https:\/\/iplaneg.guanajuato.gob.mx\/seieg\/wp-json\/wp\/v2\/types\/page"}],"author":[{"embeddable":true,"href":"https:\/\/iplaneg.guanajuato.gob.mx\/seieg\/wp-json\/wp\/v2\/users\/1"}],"replies":[{"embeddable":true,"href":"https:\/\/iplaneg.guanajuato.gob.mx\/seieg\/wp-json\/wp\/v2\/comments?post=1314"}],"version-history":[{"count":25,"href":"https:\/\/iplaneg.guanajuato.gob.mx\/seieg\/wp-json\/wp\/v2\/pages\/1314\/revisions"}],"predecessor-version":[{"id":1981,"href":"https:\/\/iplaneg.guanajuato.gob.mx\/seieg\/wp-json\/wp\/v2\/pages\/1314\/revisions\/1981"}],"wp:attachment":[{"href":"https:\/\/iplaneg.guanajuato.gob.mx\/seieg\/wp-json\/wp\/v2\/media?parent=1314"}],"curies":[{"name":"wp","href":"https:\/\/api.w.org\/{rel}","templated":true}]}}