{"id":1290,"date":"2022-05-18T15:28:55","date_gmt":"2022-05-18T15:28:55","guid":{"rendered":"http:\/\/consultagto.iplaneg.net\/?page_id=1290"},"modified":"2022-06-09T19:45:20","modified_gmt":"2022-06-09T19:45:20","slug":"nacionales","status":"publish","type":"page","link":"https:\/\/iplaneg.guanajuato.gob.mx\/seieg\/nacionales\/","title":{"rendered":"Nacionales"},"content":{"rendered":"\t\t<div data-elementor-type=\"wp-page\" data-elementor-id=\"1290\" class=\"elementor elementor-1290\">\n\t\t\t\t\t\t<section class=\"elementor-section elementor-top-section elementor-element elementor-element-7ee0eb3e elementor-section-height-min-height elementor-section-items-stretch elementor-section-stretched elementor-section-boxed elementor-section-height-default exad-glass-effect-no exad-sticky-section-no\" data-id=\"7ee0eb3e\" data-element_type=\"section\" data-e-type=\"section\" data-settings=\"{&quot;background_background&quot;:&quot;classic&quot;,&quot;stretch_section&quot;:&quot;section-stretched&quot;}\">\n\t\t\t\t\t\t\t<div class=\"elementor-background-overlay\"><\/div>\n\t\t\t\t\t\t\t<div class=\"elementor-container elementor-column-gap-no\">\n\t\t\t\t\t<div class=\"elementor-column elementor-col-100 elementor-top-column elementor-element elementor-element-59ced197 exad-glass-effect-no exad-sticky-section-no\" data-id=\"59ced197\" data-element_type=\"column\" data-e-type=\"column\">\n\t\t\t<div class=\"elementor-widget-wrap elementor-element-populated\">\n\t\t\t\t\t\t<div class=\"elementor-element elementor-element-2a32243 exad-sticky-section-no exad-glass-effect-no elementor-widget elementor-widget-heading\" data-id=\"2a32243\" data-element_type=\"widget\" data-e-type=\"widget\" data-widget_type=\"heading.default\">\n\t\t\t\t<div class=\"elementor-widget-container\">\n\t\t\t\t\t<h1 class=\"elementor-heading-title elementor-size-default\">Nacionales<\/h1>\t\t\t\t<\/div>\n\t\t\t\t<\/div>\n\t\t\t\t<section class=\"elementor-section elementor-inner-section elementor-element elementor-element-2140c141 animated-slow elementor-section-boxed elementor-section-height-default elementor-section-height-default exad-glass-effect-no exad-sticky-section-no elementor-invisible\" data-id=\"2140c141\" data-element_type=\"section\" data-e-type=\"section\" id=\"welcome\" data-settings=\"{&quot;animation&quot;:&quot;fadeIn&quot;,&quot;animation_delay&quot;:300}\">\n\t\t\t\t\t\t<div class=\"elementor-container elementor-column-gap-default\">\n\t\t\t\t\t<div class=\"elementor-column elementor-col-100 elementor-inner-column elementor-element elementor-element-53136c73 exad-glass-effect-no exad-sticky-section-no\" data-id=\"53136c73\" data-element_type=\"column\" data-e-type=\"column\" data-settings=\"{&quot;background_background&quot;:&quot;classic&quot;}\">\n\t\t\t<div class=\"elementor-widget-wrap\">\n\t\t\t\t\t\t\t<\/div>\n\t\t<\/div>\n\t\t\t\t\t<\/div>\n\t\t<\/section>\n\t\t\t\t<div class=\"elementor-element elementor-element-3572ed83 envato-kit-97-down-arrow animated-slow elementor-view-default exad-sticky-section-no exad-glass-effect-no elementor-invisible elementor-widget elementor-widget-icon\" data-id=\"3572ed83\" data-element_type=\"widget\" data-e-type=\"widget\" data-settings=\"{&quot;_animation&quot;:&quot;fadeInDown&quot;,&quot;_animation_delay&quot;:1200}\" data-widget_type=\"icon.default\">\n\t\t\t\t<div class=\"elementor-widget-container\">\n\t\t\t\t\t\t\t<div class=\"elementor-icon-wrapper\">\n\t\t\t<a class=\"elementor-icon\" href=\"#welcome\">\n\t\t\t\t\t\t\t<i class=\"fa fa-arrow-down\" aria-hidden=\"true\"><\/i>\n\t\t\t\t\t\t<\/a>\n\t\t<\/div>\n\t\t\t\t\t\t<\/div>\n\t\t\t\t<\/div>\n\t\t\t\t\t<\/div>\n\t\t<\/div>\n\t\t\t\t\t<\/div>\n\t\t<\/section>\n\t\t\t\t<section class=\"elementor-section elementor-top-section elementor-element elementor-element-25d00b72 elementor-section-boxed elementor-section-height-default elementor-section-height-default exad-glass-effect-no exad-sticky-section-no\" data-id=\"25d00b72\" data-element_type=\"section\" data-e-type=\"section\" data-settings=\"{&quot;background_background&quot;:&quot;classic&quot;}\">\n\t\t\t\t\t\t<div class=\"elementor-container elementor-column-gap-wider\">\n\t\t\t\t\t<div class=\"elementor-column elementor-col-100 elementor-top-column elementor-element elementor-element-6ccdc80a exad-glass-effect-no exad-sticky-section-no\" data-id=\"6ccdc80a\" data-element_type=\"column\" data-e-type=\"column\">\n\t\t\t<div class=\"elementor-widget-wrap elementor-element-populated\">\n\t\t\t\t\t\t<div class=\"elementor-element elementor-element-8779b2e exad-sticky-section-no exad-glass-effect-no elementor-widget elementor-widget-text-editor\" data-id=\"8779b2e\" data-element_type=\"widget\" data-e-type=\"widget\" data-widget_type=\"text-editor.default\">\n\t\t\t\t<div class=\"elementor-widget-container\">\n\t\t\t\t\t\t\t\t\t<p>Los Planes y Programas Nacionales son aquellos de mayor jerarqu\u00eda dentro del sistema de planeaci\u00f3n nacional y dentro del marco normativo contienen las disposiciones, propuestas y lineamientos que los programas de orden inferior deben acatar. El objetivo es alinear las pol\u00edticas p\u00fablicas entre los tres \u00f3rdenes de gobierno.<\/p>\t\t\t\t\t\t\t\t<\/div>\n\t\t\t\t<\/div>\n\t\t\t\t\t<\/div>\n\t\t<\/div>\n\t\t\t\t\t<\/div>\n\t\t<\/section>\n\t\t\t\t<section class=\"elementor-section elementor-top-section elementor-element elementor-element-72154b2 elementor-section-boxed elementor-section-height-default elementor-section-height-default exad-glass-effect-no exad-sticky-section-no\" data-id=\"72154b2\" data-element_type=\"section\" data-e-type=\"section\" data-settings=\"{&quot;background_background&quot;:&quot;classic&quot;}\">\n\t\t\t\t\t\t<div class=\"elementor-container elementor-column-gap-wider\">\n\t\t\t\t\t<div class=\"elementor-column elementor-col-100 elementor-top-column elementor-element elementor-element-dabecc3 exad-glass-effect-no exad-sticky-section-no\" data-id=\"dabecc3\" data-element_type=\"column\" data-e-type=\"column\">\n\t\t\t<div class=\"elementor-widget-wrap elementor-element-populated\">\n\t\t\t\t\t\t<div class=\"elementor-element elementor-element-f9ed36a exad-sticky-section-no exad-glass-effect-no elementor-widget elementor-widget-shortcode\" data-id=\"f9ed36a\" data-element_type=\"widget\" data-e-type=\"widget\" data-widget_type=\"shortcode.default\">\n\t\t\t\t<div class=\"elementor-widget-container\">\n\t\t\t\t\t\t\t<div class=\"elementor-shortcode\">\n<table id=\"tablepress-8\" class=\"tablepress tablepress-id-8\">\n<thead>\n<tr class=\"row-1 odd\">\n\t<th class=\"column-1\"><b>Documento<\/b><\/th><th class=\"column-2\"><b\/><\/th><th class=\"column-3\"><b>A\u00f1o<\/b><\/th><th class=\"column-4\"><b>Documento<\/b><\/th><th class=\"column-5\"><b>Carta S\u00edntesis<\/b><\/th><th class=\"column-6\"><b>Capa SIG<\/b><\/th><th class=\"column-7\"><b>Ver Mapa<\/b><\/th>\n<\/tr>\n<\/thead>\n<tbody class=\"row-hover\">\n<tr class=\"row-2 even\">\n\t<td class=\"column-1\">Plan Nacional de Desarrollo 2013-2018<\/td><td class=\"column-2\"><b\/><\/td><td class=\"column-3\">2013<\/td><td class=\"column-4\"><a href=\"\/seieg\/wp-content\/uploads\/2022\/05\/PND_2013_2018_1377279612.pdf\" target=\"_blank\" rel=\"noopener\"><img decoding=\"async\" src=\"\/seieg\/wp-content\/uploads\/2020\/10\/img_pdf.png\"\/><\/a><\/td><td class=\"column-5\"><\/td><td class=\"column-6\"><\/td><td class=\"column-7\"><\/td>\n<\/tr>\n<tr class=\"row-3 odd\">\n\t<td class=\"column-1\"><span style=\"color: #042292;\">Programa de Ordenamiento Ecol\u00f3gico General del Territorio 2012<\/span><\/td><td class=\"column-2\"><b\/><\/td><td class=\"column-3\"><span style=\"color: #042292;\">2012<\/span><\/td><td class=\"column-4\"><a href=\"\/seieg\/wp-content\/uploads\/2022\/05\/progr_ord_ecol_gral_terr_1377280015.pdf\" target=\"_blank\" rel=\"noopener\"><img decoding=\"async\" src=\"\/seieg\/wp-content\/uploads\/2020\/10\/img_pdf.png\"\/><\/a><\/td><td class=\"column-5\"><a href=\"\/seieg\/wp-content\/uploads\/2022\/05\/anexo_1_mapas_poegt_1377280030.pdf\" target=\"_blank\" rel=\"noopener\"><img decoding=\"async\" src=\"\/seieg\/wp-content\/uploads\/2020\/10\/img_pdf.png\"\/><\/a><\/td><td class=\"column-6\"><\/td><td class=\"column-7\"><\/td>\n<\/tr>\n<tr class=\"row-4 even\">\n\t<td class=\"column-1\">Programa Nacional de Vivienda 2007-2012<\/td><td class=\"column-2\"><b\/><\/td><td class=\"column-3\">2022<\/td><td class=\"column-4\"><a href=\"\/seieg\/wp-content\/uploads\/2022\/05\/PNV_07_12_1377280603.pdf\" target=\"_blank\" rel=\"noopener\"><img decoding=\"async\" src=\"\/seieg\/wp-content\/uploads\/2020\/10\/img_pdf.png\"\/><\/a><\/td><td class=\"column-5\"><\/td><td class=\"column-6\"><\/td><td class=\"column-7\"><\/td>\n<\/tr>\n<tr class=\"row-5 odd\">\n\t<td class=\"column-1\"><span style=\"color: #042292;\">Programa Nacional Hidr\u00edco 2007-2012<\/span><\/td><td class=\"column-2\"><b\/><\/td><td class=\"column-3\"><span style=\"color: #042292;\">2007<\/span><\/td><td class=\"column-4\"><a href=\"\/seieg\/wp-content\/uploads\/2022\/05\/PNH_07_12_1377280473.pdf\" target=\"_blank\" rel=\"noopener\"><img decoding=\"async\" src=\"\/seieg\/wp-content\/uploads\/2020\/10\/img_pdf.png\"\/><\/a><\/td><td class=\"column-5\"><\/td><td class=\"column-6\"><\/td><td class=\"column-7\"><\/td>\n<\/tr>\n<tr class=\"row-6 even\">\n\t<td class=\"column-1\">Programa Sectorial de Desarrollo Agropecuario y Pesquero 2007-2012<\/td><td class=\"column-2\"><b\/><\/td><td class=\"column-3\">2007<\/td><td class=\"column-4\"><a href=\"\/seieg\/wp-content\/uploads\/2022\/05\/PSDAyP_07_12_1377280733.pdf\" target=\"_blank\" rel=\"noopener\"><img decoding=\"async\" src=\"\/seieg\/wp-content\/uploads\/2020\/10\/img_pdf.png\"\/><\/a><\/td><td class=\"column-5\"><\/td><td class=\"column-6\"><\/td><td class=\"column-7\"><\/td>\n<\/tr>\n<tr class=\"row-7 odd\">\n\t<td class=\"column-1\"><span style=\"color: #042292;\">Programa Nacional de Desarrollo Urbano y Ordenaci\u00f3n del Territorio 2001-2006<\/span><\/td><td class=\"column-2\"><b\/><\/td><td class=\"column-3\"><span style=\"color: #042292;\">2001<\/span><\/td><td class=\"column-4\"><a href=\"\/seieg\/wp-content\/uploads\/2022\/05\/pndu01_06_1377280262.pdf\" target=\"_blank\" rel=\"noopener\"><img decoding=\"async\" src=\"\/seieg\/wp-content\/uploads\/2020\/10\/img_pdf.png\"\/><\/a><\/td><td class=\"column-5\"><a href=\"\/seieg\/wp-content\/uploads\/2022\/05\/anexodemapas_1377280329.pdf\" target=\"_blank\" rel=\"noopener\"><img decoding=\"async\" src=\"\/seieg\/wp-content\/uploads\/2020\/10\/img_pdf.png\"\/><\/a><\/td><td class=\"column-6\"><\/td><td class=\"column-7\"><\/td>\n<\/tr>\n<\/tbody>\n<\/table>\n<\/div>\n\t\t\t\t\t\t<\/div>\n\t\t\t\t<\/div>\n\t\t\t\t\t<\/div>\n\t\t<\/div>\n\t\t\t\t\t<\/div>\n\t\t<\/section>\n\t\t\t\t<\/div>\n\t\t","protected":false},"excerpt":{"rendered":"<p>Nacionales Los Planes y Programas Nacionales son aquellos de mayor jerarqu\u00eda dentro del sistema de planeaci\u00f3n nacional y dentro del marco normativo contienen las disposiciones, propuestas y lineamientos que los programas de orden inferior deben acatar. El objetivo es alinear las pol\u00edticas p\u00fablicas entre los tres \u00f3rdenes de gobierno.<\/p>\n","protected":false},"author":1,"featured_media":0,"parent":0,"menu_order":0,"comment_status":"closed","ping_status":"closed","template":"","meta":{"footnotes":""},"class_list":["post-1290","page","type-page","status-publish","hentry"],"_links":{"self":[{"href":"https:\/\/iplaneg.guanajuato.gob.mx\/seieg\/wp-json\/wp\/v2\/pages\/1290","targetHints":{"allow":["GET"]}}],"collection":[{"href":"https:\/\/iplaneg.guanajuato.gob.mx\/seieg\/wp-json\/wp\/v2\/pages"}],"about":[{"href":"https:\/\/iplaneg.guanajuato.gob.mx\/seieg\/wp-json\/wp\/v2\/types\/page"}],"author":[{"embeddable":true,"href":"https:\/\/iplaneg.guanajuato.gob.mx\/seieg\/wp-json\/wp\/v2\/users\/1"}],"replies":[{"embeddable":true,"href":"https:\/\/iplaneg.guanajuato.gob.mx\/seieg\/wp-json\/wp\/v2\/comments?post=1290"}],"version-history":[{"count":34,"href":"https:\/\/iplaneg.guanajuato.gob.mx\/seieg\/wp-json\/wp\/v2\/pages\/1290\/revisions"}],"predecessor-version":[{"id":1987,"href":"https:\/\/iplaneg.guanajuato.gob.mx\/seieg\/wp-json\/wp\/v2\/pages\/1290\/revisions\/1987"}],"wp:attachment":[{"href":"https:\/\/iplaneg.guanajuato.gob.mx\/seieg\/wp-json\/wp\/v2\/media?parent=1290"}],"curies":[{"name":"wp","href":"https:\/\/api.w.org\/{rel}","templated":true}]}}