{"id":14065,"date":"2018-11-17T17:55:18","date_gmt":"2018-11-17T23:55:18","guid":{"rendered":"http:\/\/monitoreo.iplaneg.net\/ped\/?page_id=14065"},"modified":"2022-06-17T12:09:51","modified_gmt":"2022-06-17T17:09:51","slug":"justicia-cotidiana-2","status":"publish","type":"page","link":"https:\/\/iplaneg.guanajuato.gob.mx\/ped2040\/justicia-cotidiana-2\/","title":{"rendered":"Justicia Cotidiana"},"content":{"rendered":"\t\t<div data-elementor-type=\"wp-post\" data-elementor-id=\"14065\" class=\"elementor elementor-14065 elementor-bc-flex-widget\">\n\t\t\t\t\t\t<section class=\"elementor-section elementor-top-section elementor-element elementor-element-7815e0a9 elementor-section-boxed elementor-section-height-default elementor-section-height-default\" data-id=\"7815e0a9\" data-element_type=\"section\" data-e-type=\"section\">\n\t\t\t\t\t\t<div class=\"elementor-container elementor-column-gap-default\">\n\t\t\t\t\t<div class=\"elementor-column elementor-col-100 elementor-top-column elementor-element elementor-element-3055477b\" data-id=\"3055477b\" data-element_type=\"column\" data-e-type=\"column\">\n\t\t\t<div class=\"elementor-widget-wrap elementor-element-populated\">\n\t\t\t\t\t\t<div class=\"elementor-element elementor-element-384ce942 elementor-widget elementor-widget-spacer\" data-id=\"384ce942\" data-element_type=\"widget\" data-e-type=\"widget\" data-widget_type=\"spacer.default\">\n\t\t\t\t<div class=\"elementor-widget-container\">\n\t\t\t\t\t\t\t<div class=\"elementor-spacer\">\n\t\t\t<div class=\"elementor-spacer-inner\"><\/div>\n\t\t<\/div>\n\t\t\t\t\t\t<\/div>\n\t\t\t\t<\/div>\n\t\t\t\t\t<\/div>\n\t\t<\/div>\n\t\t\t\t\t<\/div>\n\t\t<\/section>\n\t\t\t\t<section class=\"elementor-section elementor-top-section elementor-element elementor-element-5722cd12 elementor-section-stretched elementor-section-full_width elementor-section-height-default elementor-section-height-default\" data-id=\"5722cd12\" data-element_type=\"section\" data-e-type=\"section\" data-settings=\"{&quot;stretch_section&quot;:&quot;section-stretched&quot;}\">\n\t\t\t\t\t\t<div class=\"elementor-container elementor-column-gap-default\">\n\t\t\t\t\t<div class=\"elementor-column elementor-col-100 elementor-top-column elementor-element elementor-element-65aa7a2d\" data-id=\"65aa7a2d\" data-element_type=\"column\" data-e-type=\"column\">\n\t\t\t<div class=\"elementor-widget-wrap elementor-element-populated\">\n\t\t\t\t\t\t<div class=\"elementor-element elementor-element-2406b53 elementor-widget elementor-widget-menu-anchor\" data-id=\"2406b53\" data-element_type=\"widget\" data-e-type=\"widget\" data-widget_type=\"menu-anchor.default\">\n\t\t\t\t<div class=\"elementor-widget-container\">\n\t\t\t\t\t\t\t<div class=\"elementor-menu-anchor\" id=\"juco\"><\/div>\n\t\t\t\t\t\t<\/div>\n\t\t\t\t<\/div>\n\t\t\t\t<div class=\"elementor-element elementor-element-94fc848 elementor-widget elementor-widget-nav-menu\" data-id=\"94fc848\" data-element_type=\"widget\" data-e-type=\"widget\" data-widget_type=\"nav-menu.default\">\n\t\t\t\t<div class=\"elementor-widget-container\">\n\t\t\t\t\t \t\t\t\t<\/div>\n\t\t\t\t<\/div>\n\t\t\t\t<div class=\"elementor-element elementor-element-1ff968b9 elementor-widget elementor-widget-spacer\" data-id=\"1ff968b9\" data-element_type=\"widget\" data-e-type=\"widget\" data-widget_type=\"spacer.default\">\n\t\t\t\t<div class=\"elementor-widget-container\">\n\t\t\t\t\t\t\t<div class=\"elementor-spacer\">\n\t\t\t<div class=\"elementor-spacer-inner\"><\/div>\n\t\t<\/div>\n\t\t\t\t\t\t<\/div>\n\t\t\t\t<\/div>\n\t\t\t\t<section class=\"elementor-section elementor-inner-section elementor-element elementor-element-44003fa0 elementor-section-full_width elementor-section-height-default elementor-section-height-default\" data-id=\"44003fa0\" data-element_type=\"section\" data-e-type=\"section\">\n\t\t\t\t\t\t<div class=\"elementor-container elementor-column-gap-default\">\n\t\t\t\t\t<div class=\"elementor-column elementor-col-50 elementor-inner-column elementor-element elementor-element-1f62e091\" data-id=\"1f62e091\" data-element_type=\"column\" data-e-type=\"column\">\n\t\t\t<div class=\"elementor-widget-wrap elementor-element-populated\">\n\t\t\t\t\t\t<div class=\"elementor-element elementor-element-39f6450c elementor-widget elementor-widget-nav-menu\" data-id=\"39f6450c\" data-element_type=\"widget\" data-e-type=\"widget\" data-widget_type=\"nav-menu.default\">\n\t\t\t\t<div class=\"elementor-widget-container\">\n\t\t\t\t\t \t\t\t\t<\/div>\n\t\t\t\t<\/div>\n\t\t\t\t\t<\/div>\n\t\t<\/div>\n\t\t\t\t<div class=\"elementor-column elementor-col-50 elementor-inner-column elementor-element elementor-element-54ab2f70\" data-id=\"54ab2f70\" data-element_type=\"column\" data-e-type=\"column\">\n\t\t\t<div class=\"elementor-widget-wrap elementor-element-populated\">\n\t\t\t\t\t\t<div class=\"elementor-element elementor-element-5892c1 elementor-widget elementor-widget-slides\" data-id=\"5892c1\" data-element_type=\"widget\" data-e-type=\"widget\" data-widget_type=\"slides.default\">\n\t\t\t\t<div class=\"elementor-widget-container\">\n\t\t\t\t\t \t\t\t\t<\/div>\n\t\t\t\t<\/div>\n\t\t\t\t<div class=\"elementor-element elementor-element-7c260aba elementor-widget elementor-widget-spacer\" data-id=\"7c260aba\" data-element_type=\"widget\" data-e-type=\"widget\" data-widget_type=\"spacer.default\">\n\t\t\t\t<div class=\"elementor-widget-container\">\n\t\t\t\t\t\t\t<div class=\"elementor-spacer\">\n\t\t\t<div class=\"elementor-spacer-inner\"><\/div>\n\t\t<\/div>\n\t\t\t\t\t\t<\/div>\n\t\t\t\t<\/div>\n\t\t\t\t<div class=\"elementor-element elementor-element-5bc53d67 elementor-widget elementor-widget-toggle\" data-id=\"5bc53d67\" data-element_type=\"widget\" data-e-type=\"widget\" data-widget_type=\"toggle.default\">\n\t\t\t\t<div class=\"elementor-widget-container\">\n\t\t\t\t\t\t\t<div class=\"elementor-toggle\">\n\t\t\t\t\t\t\t<div class=\"elementor-toggle-item\">\n\t\t\t\t\t<div id=\"elementor-tab-title-1531\" class=\"elementor-tab-title\" data-tab=\"1\" role=\"button\" aria-controls=\"elementor-tab-content-1531\" aria-expanded=\"false\">\n\t\t\t\t\t\t\t\t\t\t\t\t<span class=\"elementor-toggle-icon elementor-toggle-icon-left\" aria-hidden=\"true\">\n\t\t\t\t\t\t\t\t\t\t\t\t\t\t\t<i class=\"elementor-toggle-icon-closed fa fa-caret-right\"><\/i>\n\t\t\t\t\t\t\t\t<i class=\"elementor-toggle-icon-opened fa fa-caret-up\"><\/i>\n\t\t\t\t\t\t\t\t\t\t\t\t\t<\/span>\n\t\t\t\t\t\t\t\t\t\t\t\t<a class=\"elementor-toggle-title\" tabindex=\"0\">Reporte de la mesa de an\u00e1lisis estrat\u00e9gico.PDF<\/a>\n\t\t\t\t\t<\/div>\n\n\t\t\t\t\t<div id=\"elementor-tab-content-1531\" class=\"elementor-tab-content elementor-clearfix\" data-tab=\"1\" role=\"region\" aria-labelledby=\"elementor-tab-title-1531\"><pre><a href=\"https:\/\/iplaneg.guanajuato.gob.mx\/ped2040\/wp-content\/uploads\/2018\/09\/37.Justicia.Cotidiana.Reporte.MAE_.pdf\" rel=\"noopener\" download=\"\"><span style=\"text-decoration: underline;\"><strong><span style=\"color: #3366ff; text-decoration: underline; font-size: 15px;\">Descarga PDF<\/span><\/strong><\/span><\/a><\/pre>\n<iframe style=\"border: none;\" src=\"https:\/\/iplaneg.guanajuato.gob.mx\/ped2040\/wp-content\/uploads\/2018\/09\/37.Justicia.Cotidiana.Reporte.MAE_.pdf\" width=\"600\" height=\"1080\"><\/iframe><\/div>\n\t\t\t\t<\/div>\n\t\t\t\t\t\t\t<div class=\"elementor-toggle-item\">\n\t\t\t\t\t<div id=\"elementor-tab-title-1532\" class=\"elementor-tab-title\" data-tab=\"2\" role=\"button\" aria-controls=\"elementor-tab-content-1532\" aria-expanded=\"false\">\n\t\t\t\t\t\t\t\t\t\t\t\t<span class=\"elementor-toggle-icon elementor-toggle-icon-left\" aria-hidden=\"true\">\n\t\t\t\t\t\t\t\t\t\t\t\t\t\t\t<i class=\"elementor-toggle-icon-closed fa fa-caret-right\"><\/i>\n\t\t\t\t\t\t\t\t<i class=\"elementor-toggle-icon-opened fa fa-caret-up\"><\/i>\n\t\t\t\t\t\t\t\t\t\t\t\t\t<\/span>\n\t\t\t\t\t\t\t\t\t\t\t\t<a class=\"elementor-toggle-title\" tabindex=\"0\">Justicia Cotidiana.PDF<\/a>\n\t\t\t\t\t<\/div>\n\n\t\t\t\t\t<div id=\"elementor-tab-content-1532\" class=\"elementor-tab-content elementor-clearfix\" data-tab=\"2\" role=\"region\" aria-labelledby=\"elementor-tab-title-1532\"><pre><a href=\"https:\/\/iplaneg.guanajuato.gob.mx\/ped2040\/wp-content\/uploads\/2021\/01\/Presentacion.base_.PED2040.Diagnostico.Cotidiana2.pdf\" rel=\"noopener\" download=\"\"><span style=\"text-decoration: underline;\"><strong><span style=\"color: #3366ff; text-decoration: underline; font-size: 15px;\">Descarga PDF<\/span><\/strong><\/span><\/a><\/pre>\n<iframe src=\"https:\/\/drive.google.com\/file\/d\/1bghnCQsZkoNPW9OxtAEVJLrvTQiQ1VUR\/preview\" width=\"640\" height=\"780\"><\/iframe><\/div>\n\t\t\t\t<\/div>\n\t\t\t\t\t\t\t<div class=\"elementor-toggle-item\">\n\t\t\t\t\t<div id=\"elementor-tab-title-1533\" class=\"elementor-tab-title\" data-tab=\"3\" role=\"button\" aria-controls=\"elementor-tab-content-1533\" aria-expanded=\"false\">\n\t\t\t\t\t\t\t\t\t\t\t\t<span class=\"elementor-toggle-icon elementor-toggle-icon-left\" aria-hidden=\"true\">\n\t\t\t\t\t\t\t\t\t\t\t\t\t\t\t<i class=\"elementor-toggle-icon-closed fa fa-caret-right\"><\/i>\n\t\t\t\t\t\t\t\t<i class=\"elementor-toggle-icon-opened fa fa-caret-up\"><\/i>\n\t\t\t\t\t\t\t\t\t\t\t\t\t<\/span>\n\t\t\t\t\t\t\t\t\t\t\t\t<a class=\"elementor-toggle-title\" tabindex=\"0\">Presentaci\u00f3n Justicia Cotidiana.PDF<\/a>\n\t\t\t\t\t<\/div>\n\n\t\t\t\t\t<div id=\"elementor-tab-content-1533\" class=\"elementor-tab-content elementor-clearfix\" data-tab=\"3\" role=\"region\" aria-labelledby=\"elementor-tab-title-1533\"><pre><a href=\"https:\/\/iplaneg.guanajuato.gob.mx\/ped2040\/wp-content\/uploads\/2021\/01\/Presentacion.Mesas_.de_.Analisis.Estrategico.J.Cotidiana.pdf\" rel=\"noopener\" download=\"\"><span style=\"text-decoration: underline;\"><strong><span style=\"color: #3366ff; text-decoration: underline; font-size: 15px;\">Descarga PDF<\/span><\/strong><\/span><\/a><\/pre>\n<iframe src=\"https:\/\/drive.google.com\/file\/d\/1aBDUvYEEGFS8DV4061BA8xqQKnbCTdxb\/preview\" width=\"640\" height=\"780\"><\/iframe><\/div>\n\t\t\t\t<\/div>\n\t\t\t\t\t\t\t<div class=\"elementor-toggle-item\">\n\t\t\t\t\t<div id=\"elementor-tab-title-1534\" class=\"elementor-tab-title\" data-tab=\"4\" role=\"button\" aria-controls=\"elementor-tab-content-1534\" aria-expanded=\"false\">\n\t\t\t\t\t\t\t\t\t\t\t\t<span class=\"elementor-toggle-icon elementor-toggle-icon-left\" aria-hidden=\"true\">\n\t\t\t\t\t\t\t\t\t\t\t\t\t\t\t<i class=\"elementor-toggle-icon-closed fa fa-caret-right\"><\/i>\n\t\t\t\t\t\t\t\t<i class=\"elementor-toggle-icon-opened fa fa-caret-up\"><\/i>\n\t\t\t\t\t\t\t\t\t\t\t\t\t<\/span>\n\t\t\t\t\t\t\t\t\t\t\t\t<a class=\"elementor-toggle-title\" tabindex=\"0\">Lista de asistencia Taller MAE Justicia Cotidiana<\/a>\n\t\t\t\t\t<\/div>\n\n\t\t\t\t\t<div id=\"elementor-tab-content-1534\" class=\"elementor-tab-content elementor-clearfix\" data-tab=\"4\" role=\"region\" aria-labelledby=\"elementor-tab-title-1534\"><pre><a href=\"https:\/\/iplaneg.guanajuato.gob.mx\/ped2040\/wp-content\/uploads\/2021\/01\/37.-Lista-de-asistencia-Taller-MAE-Justicia-Cotidiana.pdf\" rel=\"noopener\" download=\"\"><span style=\"text-decoration: underline;\"><strong><span style=\"color: #3366ff; text-decoration: underline; font-size: 15px;\">Descarga PDF<\/span><\/strong><\/span><\/a><\/pre>\n<iframe src=\"https:\/\/iplaneg.guanajuato.gob.mx\/ped2040\/wp-content\/uploads\/2021\/01\/37.-Lista-de-asistencia-Taller-MAE-Justicia-Cotidiana.pdf\" width=\"640\" height=\"780\"><\/iframe><\/div>\n\t\t\t\t<\/div>\n\t\t\t\t\t\t\t\t<\/div>\n\t\t\t\t\t\t<\/div>\n\t\t\t\t<\/div>\n\t\t\t\t\t<\/div>\n\t\t<\/div>\n\t\t\t\t\t<\/div>\n\t\t<\/section>\n\t\t\t\t\t<\/div>\n\t\t<\/div>\n\t\t\t\t\t<\/div>\n\t\t<\/section>\n\t\t\t\t<section class=\"elementor-section elementor-top-section elementor-element elementor-element-75352c9e elementor-section-boxed elementor-section-height-default elementor-section-height-default\" data-id=\"75352c9e\" data-element_type=\"section\" data-e-type=\"section\">\n\t\t\t\t\t\t<div class=\"elementor-container elementor-column-gap-default\">\n\t\t\t\t\t<div class=\"elementor-column elementor-col-100 elementor-top-column elementor-element elementor-element-17879a0\" data-id=\"17879a0\" data-element_type=\"column\" data-e-type=\"column\">\n\t\t\t<div class=\"elementor-widget-wrap elementor-element-populated\">\n\t\t\t\t\t\t<div class=\"elementor-element elementor-element-52f8a59a elementor-widget elementor-widget-spacer\" data-id=\"52f8a59a\" data-element_type=\"widget\" data-e-type=\"widget\" data-widget_type=\"spacer.default\">\n\t\t\t\t<div class=\"elementor-widget-container\">\n\t\t\t\t\t\t\t<div class=\"elementor-spacer\">\n\t\t\t<div class=\"elementor-spacer-inner\"><\/div>\n\t\t<\/div>\n\t\t\t\t\t\t<\/div>\n\t\t\t\t<\/div>\n\t\t\t\t\t<\/div>\n\t\t<\/div>\n\t\t\t\t\t<\/div>\n\t\t<\/section>\n\t\t\t\t<\/div>\n\t\t","protected":false},"excerpt":{"rendered":"<p>Reporte de la mesa de an\u00e1lisis estrat\u00e9gico.PDF Descarga PDF Justicia Cotidiana.PDF Descarga PDF Presentaci\u00f3n Justicia Cotidiana.PDF Descarga PDF Lista de asistencia Taller MAE Justicia Cotidiana Descarga PDF<\/p>\n","protected":false},"author":1,"featured_media":0,"parent":0,"menu_order":0,"comment_status":"closed","ping_status":"closed","template":"","meta":{"footnotes":""},"class_list":["post-14065","page","type-page","status-publish","hentry"],"_links":{"self":[{"href":"https:\/\/iplaneg.guanajuato.gob.mx\/ped2040\/wp-json\/wp\/v2\/pages\/14065","targetHints":{"allow":["GET"]}}],"collection":[{"href":"https:\/\/iplaneg.guanajuato.gob.mx\/ped2040\/wp-json\/wp\/v2\/pages"}],"about":[{"href":"https:\/\/iplaneg.guanajuato.gob.mx\/ped2040\/wp-json\/wp\/v2\/types\/page"}],"author":[{"embeddable":true,"href":"https:\/\/iplaneg.guanajuato.gob.mx\/ped2040\/wp-json\/wp\/v2\/users\/1"}],"replies":[{"embeddable":true,"href":"https:\/\/iplaneg.guanajuato.gob.mx\/ped2040\/wp-json\/wp\/v2\/comments?post=14065"}],"version-history":[{"count":8,"href":"https:\/\/iplaneg.guanajuato.gob.mx\/ped2040\/wp-json\/wp\/v2\/pages\/14065\/revisions"}],"predecessor-version":[{"id":15020,"href":"https:\/\/iplaneg.guanajuato.gob.mx\/ped2040\/wp-json\/wp\/v2\/pages\/14065\/revisions\/15020"}],"wp:attachment":[{"href":"https:\/\/iplaneg.guanajuato.gob.mx\/ped2040\/wp-json\/wp\/v2\/media?parent=14065"}],"curies":[{"name":"wp","href":"https:\/\/api.w.org\/{rel}","templated":true}]}}