{"id":13970,"date":"2018-11-14T02:48:36","date_gmt":"2018-11-14T08:48:36","guid":{"rendered":"http:\/\/monitoreo.iplaneg.net\/ped\/?page_id=13970"},"modified":"2022-06-17T12:58:17","modified_gmt":"2022-06-17T17:58:17","slug":"sector-agropecuario","status":"publish","type":"page","link":"https:\/\/iplaneg.guanajuato.gob.mx\/ped2040\/sector-agropecuario\/","title":{"rendered":"Sector Agropecuario"},"content":{"rendered":"\t\t<div data-elementor-type=\"wp-post\" data-elementor-id=\"13970\" class=\"elementor elementor-13970 elementor-bc-flex-widget\">\n\t\t\t\t\t\t<section class=\"elementor-section elementor-top-section elementor-element elementor-element-1ef3c016 elementor-section-boxed elementor-section-height-default elementor-section-height-default\" data-id=\"1ef3c016\" data-element_type=\"section\" data-e-type=\"section\">\n\t\t\t\t\t\t<div class=\"elementor-container elementor-column-gap-default\">\n\t\t\t\t\t<div class=\"elementor-column elementor-col-100 elementor-top-column elementor-element elementor-element-753bcf4c\" data-id=\"753bcf4c\" data-element_type=\"column\" data-e-type=\"column\">\n\t\t\t<div class=\"elementor-widget-wrap elementor-element-populated\">\n\t\t\t\t\t\t<div class=\"elementor-element elementor-element-cbbcc77 elementor-widget elementor-widget-spacer\" data-id=\"cbbcc77\" data-element_type=\"widget\" data-e-type=\"widget\" data-widget_type=\"spacer.default\">\n\t\t\t\t<div class=\"elementor-widget-container\">\n\t\t\t\t\t\t\t<div class=\"elementor-spacer\">\n\t\t\t<div class=\"elementor-spacer-inner\"><\/div>\n\t\t<\/div>\n\t\t\t\t\t\t<\/div>\n\t\t\t\t<\/div>\n\t\t\t\t\t<\/div>\n\t\t<\/div>\n\t\t\t\t\t<\/div>\n\t\t<\/section>\n\t\t\t\t<section class=\"elementor-section elementor-top-section elementor-element elementor-element-180b25b0 elementor-section-stretched elementor-section-full_width elementor-section-height-default elementor-section-height-default\" data-id=\"180b25b0\" data-element_type=\"section\" data-e-type=\"section\" data-settings=\"{&quot;stretch_section&quot;:&quot;section-stretched&quot;}\">\n\t\t\t\t\t\t<div class=\"elementor-container elementor-column-gap-default\">\n\t\t\t\t\t<div class=\"elementor-column elementor-col-100 elementor-top-column elementor-element elementor-element-6cd172b0\" data-id=\"6cd172b0\" data-element_type=\"column\" data-e-type=\"column\">\n\t\t\t<div class=\"elementor-widget-wrap elementor-element-populated\">\n\t\t\t\t\t\t<div class=\"elementor-element elementor-element-d0928ae elementor-widget elementor-widget-menu-anchor\" data-id=\"d0928ae\" data-element_type=\"widget\" data-e-type=\"widget\" data-widget_type=\"menu-anchor.default\">\n\t\t\t\t<div class=\"elementor-widget-container\">\n\t\t\t\t\t\t\t<div class=\"elementor-menu-anchor\" id=\"agro\"><\/div>\n\t\t\t\t\t\t<\/div>\n\t\t\t\t<\/div>\n\t\t\t\t<div class=\"elementor-element elementor-element-7a277e2e elementor-widget elementor-widget-nav-menu\" data-id=\"7a277e2e\" data-element_type=\"widget\" data-e-type=\"widget\" data-widget_type=\"nav-menu.default\">\n\t\t\t\t<div class=\"elementor-widget-container\">\n\t\t\t\t\t \t\t\t\t<\/div>\n\t\t\t\t<\/div>\n\t\t\t\t<div class=\"elementor-element elementor-element-6ac30962 elementor-widget elementor-widget-spacer\" data-id=\"6ac30962\" data-element_type=\"widget\" data-e-type=\"widget\" data-widget_type=\"spacer.default\">\n\t\t\t\t<div class=\"elementor-widget-container\">\n\t\t\t\t\t\t\t<div class=\"elementor-spacer\">\n\t\t\t<div class=\"elementor-spacer-inner\"><\/div>\n\t\t<\/div>\n\t\t\t\t\t\t<\/div>\n\t\t\t\t<\/div>\n\t\t\t\t<section class=\"elementor-section elementor-inner-section elementor-element elementor-element-25ddcd82 elementor-section-full_width elementor-section-height-default elementor-section-height-default\" data-id=\"25ddcd82\" data-element_type=\"section\" data-e-type=\"section\">\n\t\t\t\t\t\t<div class=\"elementor-container elementor-column-gap-default\">\n\t\t\t\t\t<div class=\"elementor-column elementor-col-50 elementor-inner-column elementor-element elementor-element-4a2d29a\" data-id=\"4a2d29a\" data-element_type=\"column\" data-e-type=\"column\">\n\t\t\t<div class=\"elementor-widget-wrap elementor-element-populated\">\n\t\t\t\t\t\t<div class=\"elementor-element elementor-element-1f0447ce elementor-widget elementor-widget-nav-menu\" data-id=\"1f0447ce\" data-element_type=\"widget\" data-e-type=\"widget\" data-widget_type=\"nav-menu.default\">\n\t\t\t\t<div class=\"elementor-widget-container\">\n\t\t\t\t\t \t\t\t\t<\/div>\n\t\t\t\t<\/div>\n\t\t\t\t\t<\/div>\n\t\t<\/div>\n\t\t\t\t<div class=\"elementor-column elementor-col-50 elementor-inner-column elementor-element elementor-element-746e4750\" data-id=\"746e4750\" data-element_type=\"column\" data-e-type=\"column\">\n\t\t\t<div class=\"elementor-widget-wrap elementor-element-populated\">\n\t\t\t\t\t\t<div class=\"elementor-element elementor-element-4b83c317 elementor-widget elementor-widget-slides\" data-id=\"4b83c317\" data-element_type=\"widget\" data-e-type=\"widget\" data-widget_type=\"slides.default\">\n\t\t\t\t<div class=\"elementor-widget-container\">\n\t\t\t\t\t \t\t\t\t<\/div>\n\t\t\t\t<\/div>\n\t\t\t\t<div class=\"elementor-element elementor-element-421b5d03 elementor-widget elementor-widget-spacer\" data-id=\"421b5d03\" data-element_type=\"widget\" data-e-type=\"widget\" data-widget_type=\"spacer.default\">\n\t\t\t\t<div class=\"elementor-widget-container\">\n\t\t\t\t\t\t\t<div class=\"elementor-spacer\">\n\t\t\t<div class=\"elementor-spacer-inner\"><\/div>\n\t\t<\/div>\n\t\t\t\t\t\t<\/div>\n\t\t\t\t<\/div>\n\t\t\t\t<div class=\"elementor-element elementor-element-4d692c11 elementor-widget elementor-widget-toggle\" data-id=\"4d692c11\" data-element_type=\"widget\" data-e-type=\"widget\" data-widget_type=\"toggle.default\">\n\t\t\t\t<div class=\"elementor-widget-container\">\n\t\t\t\t\t\t\t<div class=\"elementor-toggle\">\n\t\t\t\t\t\t\t<div class=\"elementor-toggle-item\">\n\t\t\t\t\t<div id=\"elementor-tab-title-1291\" class=\"elementor-tab-title\" data-tab=\"1\" role=\"button\" aria-controls=\"elementor-tab-content-1291\" aria-expanded=\"false\">\n\t\t\t\t\t\t\t\t\t\t\t\t<span class=\"elementor-toggle-icon elementor-toggle-icon-left\" aria-hidden=\"true\">\n\t\t\t\t\t\t\t\t\t\t\t\t\t\t\t<i class=\"elementor-toggle-icon-closed fa fa-caret-right\"><\/i>\n\t\t\t\t\t\t\t\t<i class=\"elementor-toggle-icon-opened fa fa-caret-up\"><\/i>\n\t\t\t\t\t\t\t\t\t\t\t\t\t<\/span>\n\t\t\t\t\t\t\t\t\t\t\t\t<a class=\"elementor-toggle-title\" tabindex=\"0\">Reporte de la mesa de an\u00e1lisis estrat\u00e9gico.PDF<\/a>\n\t\t\t\t\t<\/div>\n\n\t\t\t\t\t<div id=\"elementor-tab-content-1291\" class=\"elementor-tab-content elementor-clearfix\" data-tab=\"1\" role=\"region\" aria-labelledby=\"elementor-tab-title-1291\"><pre><a href=\"https:\/\/iplaneg.guanajuato.gob.mx\/ped2040\/wp-content\/uploads\/2018\/09\/25.Sector.Agroalimentario.Reporte.MAE_.pdf\" rel=\"noopener\" download=\"\"><span style=\"text-decoration: underline;\"><strong><span style=\"color: #3366ff; text-decoration: underline; font-size: 15px;\">Descarga PDF<\/span><\/strong><\/span><\/a><\/pre>\n<iframe style=\"border: none;\" src=\"https:\/\/docs.google.com\/viewer?url=https:\/\/iplaneg.guanajuato.gob.mx\/ped2040\/wp-content\/uploads\/2018\/09\/25.Sector.Agroalimentario.Reporte.MAE_.pdf&amp;embedded=true\" width=\"600\" height=\"1080\"><\/iframe><\/div>\n\t\t\t\t<\/div>\n\t\t\t\t\t\t\t<div class=\"elementor-toggle-item\">\n\t\t\t\t\t<div id=\"elementor-tab-title-1292\" class=\"elementor-tab-title\" data-tab=\"2\" role=\"button\" aria-controls=\"elementor-tab-content-1292\" aria-expanded=\"false\">\n\t\t\t\t\t\t\t\t\t\t\t\t<span class=\"elementor-toggle-icon elementor-toggle-icon-left\" aria-hidden=\"true\">\n\t\t\t\t\t\t\t\t\t\t\t\t\t\t\t<i class=\"elementor-toggle-icon-closed fa fa-caret-right\"><\/i>\n\t\t\t\t\t\t\t\t<i class=\"elementor-toggle-icon-opened fa fa-caret-up\"><\/i>\n\t\t\t\t\t\t\t\t\t\t\t\t\t<\/span>\n\t\t\t\t\t\t\t\t\t\t\t\t<a class=\"elementor-toggle-title\" tabindex=\"0\">Presentaci\u00f3n Mesa de analisis Sector Agropecuario.PDF<\/a>\n\t\t\t\t\t<\/div>\n\n\t\t\t\t\t<div id=\"elementor-tab-content-1292\" class=\"elementor-tab-content elementor-clearfix\" data-tab=\"2\" role=\"region\" aria-labelledby=\"elementor-tab-title-1292\"><pre><a href=\"https:\/\/iplaneg.guanajuato.gob.mx\/ped2040\/wp-content\/uploads\/2021\/01\/25..Presentacion.Sector.Agroalimentario.Iplaneg.pdf\" rel=\"noopener\" download=\"\"><span style=\"text-decoration: underline;\"><strong><span style=\"color: #3366ff; text-decoration: underline; font-size: 15px;\">Descarga PDF<\/span><\/strong><\/span><\/a><\/pre>\n<iframe src=\"https:\/\/drive.google.com\/file\/d\/1_1STEuFxOjEO4yfJsl9GpVrE9-qvM87D\/preview\" width=\"640\" height=\"780\"><\/iframe><\/div>\n\t\t\t\t<\/div>\n\t\t\t\t\t\t\t<div class=\"elementor-toggle-item\">\n\t\t\t\t\t<div id=\"elementor-tab-title-1293\" class=\"elementor-tab-title\" data-tab=\"3\" role=\"button\" aria-controls=\"elementor-tab-content-1293\" aria-expanded=\"false\">\n\t\t\t\t\t\t\t\t\t\t\t\t<span class=\"elementor-toggle-icon elementor-toggle-icon-left\" aria-hidden=\"true\">\n\t\t\t\t\t\t\t\t\t\t\t\t\t\t\t<i class=\"elementor-toggle-icon-closed fa fa-caret-right\"><\/i>\n\t\t\t\t\t\t\t\t<i class=\"elementor-toggle-icon-opened fa fa-caret-up\"><\/i>\n\t\t\t\t\t\t\t\t\t\t\t\t\t<\/span>\n\t\t\t\t\t\t\t\t\t\t\t\t<a class=\"elementor-toggle-title\" tabindex=\"0\">Presentaci\u00f3n  Sector Agropecuario.PDF<\/a>\n\t\t\t\t\t<\/div>\n\n\t\t\t\t\t<div id=\"elementor-tab-content-1293\" class=\"elementor-tab-content elementor-clearfix\" data-tab=\"3\" role=\"region\" aria-labelledby=\"elementor-tab-title-1293\"><pre><a href=\"https:\/\/iplaneg.guanajuato.gob.mx\/ped2040\/wp-content\/uploads\/2021\/01\/25.Presentacion.Sector.Agroalimentario.Iplaneg.pdf\" rel=\"noopener\" download=\"\"><span style=\"text-decoration: underline;\"><strong><span style=\"color: #3366ff; text-decoration: underline; font-size: 15px;\">Descarga PDF<\/span><\/strong><\/span><\/a><\/pre>\n<iframe src=\"https:\/\/drive.google.com\/file\/d\/13t1xyQ9Os6b1OB8buzq2BK40MqzZgZoO\/preview\" width=\"640\" height=\"780\"><\/iframe><\/div>\n\t\t\t\t<\/div>\n\t\t\t\t\t\t\t<div class=\"elementor-toggle-item\">\n\t\t\t\t\t<div id=\"elementor-tab-title-1294\" class=\"elementor-tab-title\" data-tab=\"4\" role=\"button\" aria-controls=\"elementor-tab-content-1294\" aria-expanded=\"false\">\n\t\t\t\t\t\t\t\t\t\t\t\t<span class=\"elementor-toggle-icon elementor-toggle-icon-left\" aria-hidden=\"true\">\n\t\t\t\t\t\t\t\t\t\t\t\t\t\t\t<i class=\"elementor-toggle-icon-closed fa fa-caret-right\"><\/i>\n\t\t\t\t\t\t\t\t<i class=\"elementor-toggle-icon-opened fa fa-caret-up\"><\/i>\n\t\t\t\t\t\t\t\t\t\t\t\t\t<\/span>\n\t\t\t\t\t\t\t\t\t\t\t\t<a class=\"elementor-toggle-title\" tabindex=\"0\">Presentaci\u00f3n Agroalimentario.PDF<\/a>\n\t\t\t\t\t<\/div>\n\n\t\t\t\t\t<div id=\"elementor-tab-content-1294\" class=\"elementor-tab-content elementor-clearfix\" data-tab=\"4\" role=\"region\" aria-labelledby=\"elementor-tab-title-1294\"><pre><a href=\"https:\/\/iplaneg.guanajuato.gob.mx\/ped2040\/wp-content\/uploads\/2021\/01\/25.Presentacion.Sector.Agroalimentario.SDAyR_.pdf\" rel=\"noopener\" download=\"\"><span style=\"text-decoration: underline;\"><strong><span style=\"color: #3366ff; text-decoration: underline; font-size: 15px;\">Descarga PDF<\/span><\/strong><\/span><\/a><\/pre>\n<iframe src=\"https:\/\/drive.google.com\/file\/d\/18_nYc8ttQ2I-paVRZdFWaZj46egwPU7Z\/preview\" width=\"640\" height=\"780\"><\/iframe><\/div>\n\t\t\t\t<\/div>\n\t\t\t\t\t\t\t<div class=\"elementor-toggle-item\">\n\t\t\t\t\t<div id=\"elementor-tab-title-1295\" class=\"elementor-tab-title\" data-tab=\"5\" role=\"button\" aria-controls=\"elementor-tab-content-1295\" aria-expanded=\"false\">\n\t\t\t\t\t\t\t\t\t\t\t\t<span class=\"elementor-toggle-icon elementor-toggle-icon-left\" aria-hidden=\"true\">\n\t\t\t\t\t\t\t\t\t\t\t\t\t\t\t<i class=\"elementor-toggle-icon-closed fa fa-caret-right\"><\/i>\n\t\t\t\t\t\t\t\t<i class=\"elementor-toggle-icon-opened fa fa-caret-up\"><\/i>\n\t\t\t\t\t\t\t\t\t\t\t\t\t<\/span>\n\t\t\t\t\t\t\t\t\t\t\t\t<a class=\"elementor-toggle-title\" tabindex=\"0\">Lista de asistencia Taller MAE Agroalimentario<\/a>\n\t\t\t\t\t<\/div>\n\n\t\t\t\t\t<div id=\"elementor-tab-content-1295\" class=\"elementor-tab-content elementor-clearfix\" data-tab=\"5\" role=\"region\" aria-labelledby=\"elementor-tab-title-1295\"><pre><a href=\"https:\/\/iplaneg.guanajuato.gob.mx\/ped2040\/wp-content\/uploads\/2021\/01\/25.-Lista-de-asistencia-Taller-MAE-Agroalimentario.pdf\" rel=\"noopener\" download=\"\"><span style=\"text-decoration: underline;\"><strong><span style=\"color: #3366ff; text-decoration: underline; font-size: 15px;\">Descarga PDF<\/span><\/strong><\/span><\/a><\/pre>\n<iframe src=\"https:\/\/iplaneg.guanajuato.gob.mx\/ped2040\/wp-content\/uploads\/2021\/01\/25.-Lista-de-asistencia-Taller-MAE-Agroalimentario.pdf \" width=\"640\" height=\"780\"><\/iframe><\/div>\n\t\t\t\t<\/div>\n\t\t\t\t\t\t\t\t<\/div>\n\t\t\t\t\t\t<\/div>\n\t\t\t\t<\/div>\n\t\t\t\t\t<\/div>\n\t\t<\/div>\n\t\t\t\t\t<\/div>\n\t\t<\/section>\n\t\t\t\t\t<\/div>\n\t\t<\/div>\n\t\t\t\t\t<\/div>\n\t\t<\/section>\n\t\t\t\t<section class=\"elementor-section elementor-top-section elementor-element elementor-element-237c0ef6 elementor-section-boxed elementor-section-height-default elementor-section-height-default\" data-id=\"237c0ef6\" data-element_type=\"section\" data-e-type=\"section\">\n\t\t\t\t\t\t<div class=\"elementor-container elementor-column-gap-default\">\n\t\t\t\t\t<div class=\"elementor-column elementor-col-100 elementor-top-column elementor-element elementor-element-1e89f9b9\" data-id=\"1e89f9b9\" data-element_type=\"column\" data-e-type=\"column\">\n\t\t\t<div class=\"elementor-widget-wrap elementor-element-populated\">\n\t\t\t\t\t\t<div class=\"elementor-element elementor-element-612da134 elementor-widget elementor-widget-spacer\" data-id=\"612da134\" data-element_type=\"widget\" data-e-type=\"widget\" data-widget_type=\"spacer.default\">\n\t\t\t\t<div class=\"elementor-widget-container\">\n\t\t\t\t\t\t\t<div class=\"elementor-spacer\">\n\t\t\t<div class=\"elementor-spacer-inner\"><\/div>\n\t\t<\/div>\n\t\t\t\t\t\t<\/div>\n\t\t\t\t<\/div>\n\t\t\t\t\t<\/div>\n\t\t<\/div>\n\t\t\t\t\t<\/div>\n\t\t<\/section>\n\t\t\t\t<\/div>\n\t\t","protected":false},"excerpt":{"rendered":"<p>Reporte de la mesa de an\u00e1lisis estrat\u00e9gico.PDF Descarga PDF Presentaci\u00f3n Mesa de analisis Sector Agropecuario.PDF Descarga PDF Presentaci\u00f3n Sector Agropecuario.PDF Descarga PDF Presentaci\u00f3n Agroalimentario.PDF Descarga PDF Lista de asistencia Taller MAE Agroalimentario Descarga PDF<\/p>\n","protected":false},"author":1,"featured_media":0,"parent":0,"menu_order":0,"comment_status":"closed","ping_status":"closed","template":"","meta":{"footnotes":""},"class_list":["post-13970","page","type-page","status-publish","hentry"],"_links":{"self":[{"href":"https:\/\/iplaneg.guanajuato.gob.mx\/ped2040\/wp-json\/wp\/v2\/pages\/13970","targetHints":{"allow":["GET"]}}],"collection":[{"href":"https:\/\/iplaneg.guanajuato.gob.mx\/ped2040\/wp-json\/wp\/v2\/pages"}],"about":[{"href":"https:\/\/iplaneg.guanajuato.gob.mx\/ped2040\/wp-json\/wp\/v2\/types\/page"}],"author":[{"embeddable":true,"href":"https:\/\/iplaneg.guanajuato.gob.mx\/ped2040\/wp-json\/wp\/v2\/users\/1"}],"replies":[{"embeddable":true,"href":"https:\/\/iplaneg.guanajuato.gob.mx\/ped2040\/wp-json\/wp\/v2\/comments?post=13970"}],"version-history":[{"count":8,"href":"https:\/\/iplaneg.guanajuato.gob.mx\/ped2040\/wp-json\/wp\/v2\/pages\/13970\/revisions"}],"predecessor-version":[{"id":15039,"href":"https:\/\/iplaneg.guanajuato.gob.mx\/ped2040\/wp-json\/wp\/v2\/pages\/13970\/revisions\/15039"}],"wp:attachment":[{"href":"https:\/\/iplaneg.guanajuato.gob.mx\/ped2040\/wp-json\/wp\/v2\/media?parent=13970"}],"curies":[{"name":"wp","href":"https:\/\/api.w.org\/{rel}","templated":true}]}}